{"id":77,"date":"2025-05-14T13:33:07","date_gmt":"2025-05-14T13:33:07","guid":{"rendered":"https:\/\/nordic-cosmetic.de\/product\/feuchtigkeitsspendendes-gesichtsserum\/"},"modified":"2025-05-23T14:02:54","modified_gmt":"2025-05-23T14:02:54","slug":"gesichtswasser","status":"publish","type":"product","link":"https:\/\/nordic-cosmetic.de\/?product=gesichtswasser","title":{"rendered":"Feuchtigkeitsspendendes Gesichtsserum"},"content":{"rendered":"<p>Leichtes Serum mit Hyalurons\u00e4ure f\u00fcr intensive Feuchtigkeitsversorgung. F\u00fcr alle Hauttypen geeignet.<\/p>\n","protected":false},"excerpt":{"rendered":"<p>Leichtes Serum mit Hyalurons\u00e4ure f\u00fcr intensive Feuchtigkeitsversorgung. F\u00fcr alle Hauttypen geeignet.<\/p>\n","protected":false},"featured_media":85,"comment_status":"open","ping_status":"closed","template":"","meta":[],"product_brand":[],"product_cat":[18],"product_tag":[],"class_list":{"0":"post-77","1":"product","2":"type-product","3":"status-publish","4":"has-post-thumbnail","6":"product_cat-gesichtspflegeserum","8":"first","9":"instock","10":"shipping-taxable","11":"purchasable","12":"product-type-simple"},"_links":{"self":[{"href":"https:\/\/nordic-cosmetic.de\/index.php?rest_route=\/wp\/v2\/product\/77","targetHints":{"allow":["GET"]}}],"collection":[{"href":"https:\/\/nordic-cosmetic.de\/index.php?rest_route=\/wp\/v2\/product"}],"about":[{"href":"https:\/\/nordic-cosmetic.de\/index.php?rest_route=\/wp\/v2\/types\/product"}],"replies":[{"embeddable":true,"href":"https:\/\/nordic-cosmetic.de\/index.php?rest_route=%2Fwp%2Fv2%2Fcomments&post=77"}],"wp:featuredmedia":[{"embeddable":true,"href":"https:\/\/nordic-cosmetic.de\/index.php?rest_route=\/wp\/v2\/media\/85"}],"wp:attachment":[{"href":"https:\/\/nordic-cosmetic.de\/index.php?rest_route=%2Fwp%2Fv2%2Fmedia&parent=77"}],"wp:term":[{"taxonomy":"product_brand","embeddable":true,"href":"https:\/\/nordic-cosmetic.de\/index.php?rest_route=%2Fwp%2Fv2%2Fproduct_brand&post=77"},{"taxonomy":"product_cat","embeddable":true,"href":"https:\/\/nordic-cosmetic.de\/index.php?rest_route=%2Fwp%2Fv2%2Fproduct_cat&post=77"},{"taxonomy":"product_tag","embeddable":true,"href":"https:\/\/nordic-cosmetic.de\/index.php?rest_route=%2Fwp%2Fv2%2Fproduct_tag&post=77"}],"curies":[{"name":"wp","href":"https:\/\/api.w.org\/{rel}","templated":true}]}}